{"id":19,"date":"2023-10-10T22:40:25","date_gmt":"2023-10-10T20:40:25","guid":{"rendered":"http:\/\/lacledt.cluster029.hosting.ovh.net\/?page_id=19"},"modified":"2024-04-01T10:48:36","modified_gmt":"2024-04-01T08:48:36","slug":"identification-contre-le-vol","status":"publish","type":"page","link":"https:\/\/lacleducyclo.fr\/index.php\/identification-contre-le-vol\/","title":{"rendered":"Identification contre le vol"},"content":{"rendered":"\n<p><mark style=\"background-color:rgba(0, 0, 0, 0);color:#8a3d08\" class=\"has-inline-color\">BICYCODE\u00ae est un syst\u00e8me de marquage de v\u00e9los par gravure de num\u00e9ros uniques et standardis\u00e9s au niveau national. L\u2019atelier \u00ab LacleduCyclo \u00bb \u00e9tant partenaire agr\u00e9\u00e9 par BicyCode, vous avez la possibilit\u00e9 de faire marquer votre v\u00e9lo dans mon atelier.<\/mark><\/p>\n\n\n\n<figure class=\"wp-block-image size-full is-resized\"><img loading=\"lazy\" decoding=\"async\" width=\"600\" height=\"906\" src=\"https:\/\/lacleducyclo.fr\/wp-content\/uploads\/2024\/04\/bicycode_01.jpg\" alt=\"\" class=\"wp-image-587\" style=\"aspect-ratio:1.6622390891840608;width:206px;height:auto\" srcset=\"https:\/\/lacleducyclo.fr\/wp-content\/uploads\/2024\/04\/bicycode_01.jpg 600w, https:\/\/lacleducyclo.fr\/wp-content\/uploads\/2024\/04\/bicycode_01-199x300.jpg 199w, https:\/\/lacleducyclo.fr\/wp-content\/uploads\/2024\/04\/bicycode_01-40x60.jpg 40w\" sizes=\"auto, (max-width: 600px) 100vw, 600px\" \/><figcaption class=\"wp-element-caption\"><mark style=\"background-color:rgba(0, 0, 0, 0);color:#8a3d08\" class=\"has-inline-color\">Les \u00e9tiquettes \u00ab Bicycode \u00bb utilis\u00e9es r\u00e9pondent aux obligations l\u00e9gales d\u2019identification de votre v\u00e9lo.<\/mark><\/figcaption><\/figure>\n\n\n\n<p><mark style=\"background-color:rgba(0, 0, 0, 0)\" class=\"has-inline-color has-white-color\"><strong>Comment faire identifier mon v\u00e9lo:<\/strong><\/mark><\/p>\n\n\n\n<p><mark style=\"background-color:rgba(0, 0, 0, 0);color:#8a3d08\" class=\"has-inline-color\">Vous faites apposer une \u00e9tiquette d\u2019identification ind\u00e9l\u00e9bile sur le cadre de votre v\u00e9lo.<\/mark><img loading=\"lazy\" decoding=\"async\" width=\"150\" height=\"90\" class=\"wp-image-39\" style=\"width: 150px;\" src=\"https:\/\/lacleducyclo.fr\/wp-content\/uploads\/2023\/10\/identification_bicycode.jpg\" alt=\"\" srcset=\"https:\/\/lacleducyclo.fr\/wp-content\/uploads\/2023\/10\/identification_bicycode.jpg 876w, https:\/\/lacleducyclo.fr\/wp-content\/uploads\/2023\/10\/identification_bicycode-300x180.jpg 300w, https:\/\/lacleducyclo.fr\/wp-content\/uploads\/2023\/10\/identification_bicycode-768x462.jpg 768w\" sizes=\"auto, (max-width: 150px) 100vw, 150px\" \/><mark style=\"background-color:rgba(0, 0, 0, 0);color:#8a3d08\" class=\"has-inline-color\"><br>Cette \u00e9tiquette est con\u00e7ue pour r\u00e9sister \u00e0 l\u2019arrachage en se d\u00e9sagr\u00e9geant, rendant impossible le transfert sur un autre v\u00e9lo. Ce syst\u00e8me, contrairement au gravage, ne risque pas d\u2019endommager ou de fragiliser votre cadre, et peut \u00eatre appos\u00e9 sur des cadres en carbone. Il a l\u2019avantage d\u2019\u00eatre assez discret esth\u00e9tiquement.<br>Par le biais de l\u2019application Bicycode, vos coordonn\u00e9es sont enregistr\u00e9es dans le Fichier National Unique des Cycles (FNUCI), et sont associ\u00e9s au num\u00e9ro d\u2019immatriculation de votre v\u00e9lo.<br>En cas de vol de votre v\u00e9lo, les forces de l\u2019ordre ont la possibilit\u00e9 d\u2019obtenir vos coordonn\u00e9es en scannant le code de l\u2019\u00e9tiquette. Ils vous contactent et vous restituent votre v\u00e9lo.<br>Le marquage dissuade un voleur de passer \u00e0 l\u2019acte, car le v\u00e9lo est tra\u00e7able. Et si un voleur tente de revendre votre v\u00e9lo, son client pourra voir que votre v\u00e9lo est d\u00e9clar\u00e9 vol\u00e9.<\/mark><\/p>\n","protected":false},"excerpt":{"rendered":"<p>BICYCODE\u00ae est un syst\u00e8me de marquage de v\u00e9los par gravure de num\u00e9ros uniques et standardis\u00e9s au niveau national. L\u2019atelier \u00ab LacleduCyclo \u00bb \u00e9tant partenaire agr\u00e9\u00e9 &hellip; <\/p>\n","protected":false},"author":1,"featured_media":0,"parent":0,"menu_order":0,"comment_status":"closed","ping_status":"closed","template":"","meta":{"footnotes":""},"class_list":["post-19","page","type-page","status-publish","hentry"],"yoast_head":"<!-- This site is optimized with the Yoast SEO plugin v27.0 - https:\/\/yoast.com\/product\/yoast-seo-wordpress\/ -->\n<title>Identification contre le vol -<\/title>\n<meta name=\"robots\" content=\"index, follow, max-snippet:-1, max-image-preview:large, max-video-preview:-1\" \/>\n<link rel=\"canonical\" href=\"https:\/\/lacleducyclo.fr\/index.php\/identification-contre-le-vol\/\" \/>\n<meta property=\"og:locale\" content=\"fr_FR\" \/>\n<meta property=\"og:type\" content=\"article\" \/>\n<meta property=\"og:title\" content=\"Identification contre le vol -\" \/>\n<meta property=\"og:description\" content=\"BICYCODE\u00ae est un syst\u00e8me de marquage de v\u00e9los par gravure de num\u00e9ros uniques et standardis\u00e9s au niveau national. L\u2019atelier \u00ab LacleduCyclo \u00bb \u00e9tant partenaire agr\u00e9\u00e9 &hellip;\" \/>\n<meta property=\"og:url\" content=\"https:\/\/lacleducyclo.fr\/index.php\/identification-contre-le-vol\/\" \/>\n<meta property=\"article:publisher\" content=\"https:\/\/www.instagram.com\/lacleducyclo\/\" \/>\n<meta property=\"article:modified_time\" content=\"2024-04-01T08:48:36+00:00\" \/>\n<meta property=\"og:image\" content=\"https:\/\/lacleducyclo.fr\/wp-content\/uploads\/2024\/04\/bicycode_01.jpg\" \/>\n\t<meta property=\"og:image:width\" content=\"600\" \/>\n\t<meta property=\"og:image:height\" content=\"906\" \/>\n\t<meta property=\"og:image:type\" content=\"image\/jpeg\" \/>\n<meta name=\"twitter:card\" content=\"summary_large_image\" \/>\n<meta name=\"twitter:label1\" content=\"Dur\u00e9e de lecture estim\u00e9e\" \/>\n\t<meta name=\"twitter:data1\" content=\"1 minute\" \/>\n<script type=\"application\/ld+json\" class=\"yoast-schema-graph\">{\"@context\":\"https:\/\/schema.org\",\"@graph\":[{\"@type\":\"WebPage\",\"@id\":\"https:\/\/lacleducyclo.fr\/index.php\/identification-contre-le-vol\/\",\"url\":\"https:\/\/lacleducyclo.fr\/index.php\/identification-contre-le-vol\/\",\"name\":\"Identification contre le vol -\",\"isPartOf\":{\"@id\":\"https:\/\/lacleducyclo.fr\/#website\"},\"primaryImageOfPage\":{\"@id\":\"https:\/\/lacleducyclo.fr\/index.php\/identification-contre-le-vol\/#primaryimage\"},\"image\":{\"@id\":\"https:\/\/lacleducyclo.fr\/index.php\/identification-contre-le-vol\/#primaryimage\"},\"thumbnailUrl\":\"https:\/\/lacleducyclo.fr\/wp-content\/uploads\/2024\/04\/bicycode_01.jpg\",\"datePublished\":\"2023-10-10T20:40:25+00:00\",\"dateModified\":\"2024-04-01T08:48:36+00:00\",\"breadcrumb\":{\"@id\":\"https:\/\/lacleducyclo.fr\/index.php\/identification-contre-le-vol\/#breadcrumb\"},\"inLanguage\":\"fr-FR\",\"potentialAction\":[{\"@type\":\"ReadAction\",\"target\":[\"https:\/\/lacleducyclo.fr\/index.php\/identification-contre-le-vol\/\"]}]},{\"@type\":\"ImageObject\",\"inLanguage\":\"fr-FR\",\"@id\":\"https:\/\/lacleducyclo.fr\/index.php\/identification-contre-le-vol\/#primaryimage\",\"url\":\"https:\/\/lacleducyclo.fr\/wp-content\/uploads\/2024\/04\/bicycode_01.jpg\",\"contentUrl\":\"https:\/\/lacleducyclo.fr\/wp-content\/uploads\/2024\/04\/bicycode_01.jpg\",\"width\":600,\"height\":906},{\"@type\":\"BreadcrumbList\",\"@id\":\"https:\/\/lacleducyclo.fr\/index.php\/identification-contre-le-vol\/#breadcrumb\",\"itemListElement\":[{\"@type\":\"ListItem\",\"position\":1,\"name\":\"Accueil\",\"item\":\"https:\/\/lacleducyclo.fr\/\"},{\"@type\":\"ListItem\",\"position\":2,\"name\":\"Identification contre le vol\"}]},{\"@type\":\"WebSite\",\"@id\":\"https:\/\/lacleducyclo.fr\/#website\",\"url\":\"https:\/\/lacleducyclo.fr\/\",\"name\":\"lacleducyclo\",\"description\":\"\",\"publisher\":{\"@id\":\"https:\/\/lacleducyclo.fr\/#organization\"},\"potentialAction\":[{\"@type\":\"SearchAction\",\"target\":{\"@type\":\"EntryPoint\",\"urlTemplate\":\"https:\/\/lacleducyclo.fr\/?s={search_term_string}\"},\"query-input\":{\"@type\":\"PropertyValueSpecification\",\"valueRequired\":true,\"valueName\":\"search_term_string\"}}],\"inLanguage\":\"fr-FR\"},{\"@type\":\"Organization\",\"@id\":\"https:\/\/lacleducyclo.fr\/#organization\",\"name\":\"Lacleducyclo\",\"url\":\"https:\/\/lacleducyclo.fr\/\",\"logo\":{\"@type\":\"ImageObject\",\"inLanguage\":\"fr-FR\",\"@id\":\"https:\/\/lacleducyclo.fr\/#\/schema\/logo\/image\/\",\"url\":\"https:\/\/lacleducyclo.fr\/wp-content\/uploads\/2023\/10\/Logo_00_Lacleducyclo_relief_slogan-e1709674971967.png\",\"contentUrl\":\"https:\/\/lacleducyclo.fr\/wp-content\/uploads\/2023\/10\/Logo_00_Lacleducyclo_relief_slogan-e1709674971967.png\",\"width\":500,\"height\":80,\"caption\":\"Lacleducyclo\"},\"image\":{\"@id\":\"https:\/\/lacleducyclo.fr\/#\/schema\/logo\/image\/\"},\"sameAs\":[\"https:\/\/www.instagram.com\/lacleducyclo\/\"]}]}<\/script>\n<!-- \/ Yoast SEO plugin. -->","yoast_head_json":{"title":"Identification contre le vol -","robots":{"index":"index","follow":"follow","max-snippet":"max-snippet:-1","max-image-preview":"max-image-preview:large","max-video-preview":"max-video-preview:-1"},"canonical":"https:\/\/lacleducyclo.fr\/index.php\/identification-contre-le-vol\/","og_locale":"fr_FR","og_type":"article","og_title":"Identification contre le vol -","og_description":"BICYCODE\u00ae est un syst\u00e8me de marquage de v\u00e9los par gravure de num\u00e9ros uniques et standardis\u00e9s au niveau national. L\u2019atelier \u00ab LacleduCyclo \u00bb \u00e9tant partenaire agr\u00e9\u00e9 &hellip;","og_url":"https:\/\/lacleducyclo.fr\/index.php\/identification-contre-le-vol\/","article_publisher":"https:\/\/www.instagram.com\/lacleducyclo\/","article_modified_time":"2024-04-01T08:48:36+00:00","og_image":[{"width":600,"height":906,"url":"https:\/\/lacleducyclo.fr\/wp-content\/uploads\/2024\/04\/bicycode_01.jpg","type":"image\/jpeg"}],"twitter_card":"summary_large_image","twitter_misc":{"Dur\u00e9e de lecture estim\u00e9e":"1 minute"},"schema":{"@context":"https:\/\/schema.org","@graph":[{"@type":"WebPage","@id":"https:\/\/lacleducyclo.fr\/index.php\/identification-contre-le-vol\/","url":"https:\/\/lacleducyclo.fr\/index.php\/identification-contre-le-vol\/","name":"Identification contre le vol -","isPartOf":{"@id":"https:\/\/lacleducyclo.fr\/#website"},"primaryImageOfPage":{"@id":"https:\/\/lacleducyclo.fr\/index.php\/identification-contre-le-vol\/#primaryimage"},"image":{"@id":"https:\/\/lacleducyclo.fr\/index.php\/identification-contre-le-vol\/#primaryimage"},"thumbnailUrl":"https:\/\/lacleducyclo.fr\/wp-content\/uploads\/2024\/04\/bicycode_01.jpg","datePublished":"2023-10-10T20:40:25+00:00","dateModified":"2024-04-01T08:48:36+00:00","breadcrumb":{"@id":"https:\/\/lacleducyclo.fr\/index.php\/identification-contre-le-vol\/#breadcrumb"},"inLanguage":"fr-FR","potentialAction":[{"@type":"ReadAction","target":["https:\/\/lacleducyclo.fr\/index.php\/identification-contre-le-vol\/"]}]},{"@type":"ImageObject","inLanguage":"fr-FR","@id":"https:\/\/lacleducyclo.fr\/index.php\/identification-contre-le-vol\/#primaryimage","url":"https:\/\/lacleducyclo.fr\/wp-content\/uploads\/2024\/04\/bicycode_01.jpg","contentUrl":"https:\/\/lacleducyclo.fr\/wp-content\/uploads\/2024\/04\/bicycode_01.jpg","width":600,"height":906},{"@type":"BreadcrumbList","@id":"https:\/\/lacleducyclo.fr\/index.php\/identification-contre-le-vol\/#breadcrumb","itemListElement":[{"@type":"ListItem","position":1,"name":"Accueil","item":"https:\/\/lacleducyclo.fr\/"},{"@type":"ListItem","position":2,"name":"Identification contre le vol"}]},{"@type":"WebSite","@id":"https:\/\/lacleducyclo.fr\/#website","url":"https:\/\/lacleducyclo.fr\/","name":"lacleducyclo","description":"","publisher":{"@id":"https:\/\/lacleducyclo.fr\/#organization"},"potentialAction":[{"@type":"SearchAction","target":{"@type":"EntryPoint","urlTemplate":"https:\/\/lacleducyclo.fr\/?s={search_term_string}"},"query-input":{"@type":"PropertyValueSpecification","valueRequired":true,"valueName":"search_term_string"}}],"inLanguage":"fr-FR"},{"@type":"Organization","@id":"https:\/\/lacleducyclo.fr\/#organization","name":"Lacleducyclo","url":"https:\/\/lacleducyclo.fr\/","logo":{"@type":"ImageObject","inLanguage":"fr-FR","@id":"https:\/\/lacleducyclo.fr\/#\/schema\/logo\/image\/","url":"https:\/\/lacleducyclo.fr\/wp-content\/uploads\/2023\/10\/Logo_00_Lacleducyclo_relief_slogan-e1709674971967.png","contentUrl":"https:\/\/lacleducyclo.fr\/wp-content\/uploads\/2023\/10\/Logo_00_Lacleducyclo_relief_slogan-e1709674971967.png","width":500,"height":80,"caption":"Lacleducyclo"},"image":{"@id":"https:\/\/lacleducyclo.fr\/#\/schema\/logo\/image\/"},"sameAs":["https:\/\/www.instagram.com\/lacleducyclo\/"]}]}},"_links":{"self":[{"href":"https:\/\/lacleducyclo.fr\/index.php\/wp-json\/wp\/v2\/pages\/19","targetHints":{"allow":["GET"]}}],"collection":[{"href":"https:\/\/lacleducyclo.fr\/index.php\/wp-json\/wp\/v2\/pages"}],"about":[{"href":"https:\/\/lacleducyclo.fr\/index.php\/wp-json\/wp\/v2\/types\/page"}],"author":[{"embeddable":true,"href":"https:\/\/lacleducyclo.fr\/index.php\/wp-json\/wp\/v2\/users\/1"}],"replies":[{"embeddable":true,"href":"https:\/\/lacleducyclo.fr\/index.php\/wp-json\/wp\/v2\/comments?post=19"}],"version-history":[{"count":13,"href":"https:\/\/lacleducyclo.fr\/index.php\/wp-json\/wp\/v2\/pages\/19\/revisions"}],"predecessor-version":[{"id":592,"href":"https:\/\/lacleducyclo.fr\/index.php\/wp-json\/wp\/v2\/pages\/19\/revisions\/592"}],"wp:attachment":[{"href":"https:\/\/lacleducyclo.fr\/index.php\/wp-json\/wp\/v2\/media?parent=19"}],"curies":[{"name":"wp","href":"https:\/\/api.w.org\/{rel}","templated":true}]}}